{"id":86,"date":"2016-06-23T21:50:22","date_gmt":"2016-06-23T19:50:22","guid":{"rendered":"http:\/\/localhost\/?page_id=86"},"modified":"2025-07-09T20:49:59","modified_gmt":"2025-07-09T18:49:59","slug":"homepage","status":"publish","type":"page","link":"https:\/\/bonum.sk\/","title":{"rendered":"Homepage"},"content":{"rendered":"<div id=\"pl-86\"  class=\"panel-layout\" ><div id=\"pg-86-0\"  class=\"panel-grid panel-has-style\" ><div class=\"siteorigin-panels-stretch panel-row-style panel-row-style-for-86-0\" style=\"padding: 100px 0; \" data-stretch-type=\"full\" data-overlay=\"true\" ><div id=\"pgc-86-0-0\"  class=\"panel-grid-cell\" ><div id=\"panel-86-0-0-0\" class=\"so-panel widget widget_black-studio-tinymce widget_black_studio_tinymce panel-first-child panel-last-child\" data-index=\"0\" ><div style=\"text-align: left;\" data-title-color=\"#443f3f\" data-headings-color=\"#443f3f\" class=\"panel-widget-style panel-widget-style-for-86-0-0-0\" ><h3 class=\"widget-title\">PROFIL SPOLO\u010cNOSTI<\/h3><div class=\"textwidget\"><p><img loading=\"lazy\" decoding=\"async\" class=\"wp-image-49 size-medium alignright\" src=\"http:\/\/bonum.sk\/wp-content\/uploads\/2016\/08\/Bonum670-300x300.png\" alt=\"\" width=\"300\" height=\"300\" srcset=\"https:\/\/bonum.sk\/wp-content\/uploads\/2016\/08\/Bonum670-300x300.png 300w, https:\/\/bonum.sk\/wp-content\/uploads\/2016\/08\/Bonum670-150x150.png 150w, https:\/\/bonum.sk\/wp-content\/uploads\/2016\/08\/Bonum670-230x229.png 230w, https:\/\/bonum.sk\/wp-content\/uploads\/2016\/08\/Bonum670-350x349.png 350w, https:\/\/bonum.sk\/wp-content\/uploads\/2016\/08\/Bonum670-480x479.png 480w, https:\/\/bonum.sk\/wp-content\/uploads\/2016\/08\/Bonum670.png 672w\" sizes=\"auto, (max-width: 300px) 100vw, 300px\" \/>Od svojho vzniku v roku 1992 sa na\u0161a spolo\u010dnos\u0165 orientuje najm\u00e4 na v\u00fdvoj informa\u010dn\u00fdch syst\u00e9mov pre oblas\u0165 v\u00fdroby, logistiky a riadenia procesov. Toto smerovanie vyplynulo z profesn\u00e9ho zamerania jej zakladate\u013eov, ktor\u00ed sa v s\u00fa\u010dasnosti na\u010falej akt\u00edvne z\u00fa\u010dast\u0148uj\u00fa na mana\u017emente projektov, anal\u00fdzach a n\u00e1vrhu rie\u0161en\u00ed. Dlhodobo sa profilujeme ako profesion\u00e1lny \u201esoftware house\u201c s v\u00fdhradnou orient\u00e1ciou na z\u00e1kazkov\u00fd v\u00fdvoj softv\u00e9ru a slu\u017eby s t\u00fdm s\u00favisiace. Z\u00e1kladn\u00fd t\u00edm tvor\u00ed cca. 20 \u201ein-house\u201c softv\u00e9rov\u00fdch v\u00fdvoj\u00e1rov s trval\u00fdm pracovn\u00fdm pomerom, ktor\u00ed kontinu\u00e1lne pracuj\u00fa na na\u0161ich projektoch, \u010dim je zabezpe\u010den\u00e1 stabilita potrebn\u00e9ho know-how.<\/p>\n<p>Vynaklad\u00e1me ve\u013ek\u00e9 \u00fasilie na vytv\u00e1ranie glob\u00e1lne u\u017eito\u010dn\u00fdch rie\u0161en\u00ed a zap\u00e1jame do tohoto procesu spolupracovn\u00edkov z viacer\u00fdch regi\u00f3nov Slovenska. Okrem centr\u00e1ly v Bratislave m\u00e1me pobo\u010dku v Liptovskom Mikul\u00e1\u0161i.<\/p>\n<p>Za na\u0161u prednos\u0165 pova\u017eujeme pru\u017enos\u0165, spo\u013eahlivos\u0165 a r\u00fdchle odozvy, a to aj v\u010faka pou\u017e\u00edvaniu agiln\u00fdch met\u00f3d softv\u00e9rov\u00e9ho in\u017einierstva. Vo v\u0161etk\u00fdch f\u00e1zach softv\u00e9rov\u00e9ho projektu m\u00e1me schopnos\u0165 prisp\u00f4sobi\u0165 sa meniacim sa po\u017eiadavk\u00e1m a flexibilne tak reagova\u0165 na meniace sa podmienky.<\/p>\n<p>Korektn\u00e9 vz\u0165ahy zalo\u017een\u00e9 na d\u00f4vere otv\u00e1raj\u00fa na\u0161im z\u00e1kazn\u00edkom priestor pre v\u00fdvoj vlastn\u00fdch, \u0161pecifick\u00fdch rie\u0161en\u00ed, ako aj ich \u00fadr\u017ebu a \u010fal\u0161\u00ed rozvoj. Vytvorenie spolo\u010dn\u00e9ho t\u00edmu, spolupr\u00e1ca, spojenie znalost\u00ed a kreativity, to v\u0161etko s\u00fa z\u00e1ruky synergick\u00e9ho efektu, ktor\u00e9ho v\u00fdsledkom je \u00faspe\u0161ne a na\u010das realizovan\u00fd projekt.<\/p>\n<p>Ve\u013ek\u00fd d\u00f4raz kladieme najm\u00e4 na u\u017eito\u010dnos\u0165 na\u0161ich produktov a slu\u017eieb. \u00daprimne ver\u00edme, \u017ee aj na\u0161im pri\u010dinen\u00edm dosahuj\u00fa na\u0161i partneri nad\u0161tandardn\u00e9 v\u00fdsledky v oblastiach svojho podnikania.<\/p>\n<\/div><\/div><\/div><\/div><\/div><\/div><div id=\"pg-86-1\"  class=\"panel-grid panel-has-style\" ><div class=\"siteorigin-panels-stretch mob-pad-45 panel-row-style panel-row-style-for-86-1\" style=\"text-align: center;background-image: url(https:\/\/bonum.sk\/wp-content\/uploads\/2016\/08\/pc-code-editors.jpg);padding: 200px 0; \" data-stretch-type=\"full\" data-hasbg=\"hasbg\" data-overlay=\"true\" ><div id=\"pgc-86-1-0\"  class=\"panel-grid-cell panel-grid-cell-empty\" ><\/div><\/div><\/div><div id=\"pg-86-2\"  class=\"panel-grid panel-has-style\" ><div class=\"siteorigin-panels-stretch panel-row-style panel-row-style-for-86-2\" style=\"padding: 0px 0; \" data-stretch-type=\"full\" data-overlay=\"true\" ><div id=\"pgc-86-2-0\"  class=\"panel-grid-cell\" ><div id=\"panel-86-2-0-0\" class=\"so-panel widget widget_sydney_services_type_a sydney_services_widget panel-first-child panel-last-child\" data-index=\"1\" ><div class=\"panel-widget-style panel-widget-style-for-86-2-0-0\" >\t\t\t<h3 class=\"widget-title\">NA\u0160E PORTF\u00d3LIO<\/h3>\r\n\t\t\t\t\t\t\t\t\t\t\t\t\t\t\t\t\t\t\t\t\t\t\t\t\t\t\t\t\t<div class=\"service col-md-4\">\r\n\t\t\t\t\t\t\t\t\t\t\t\t\t<div class=\"roll-icon-box\">\r\n\t\t\t\t\t\t\t\t\t\t\t\r\n\t\t\t\t\t\t\t\t\t<div class=\"icon\">\r\n\t\t\t\t\t\t\t\t\t\t\t\t\t\t\t\t\t\t\t\t\t<i class=\"fa fa-file-code-o\"><\/i>\t\t\t\t\t\t\t\t\t\t\t\t\t\t\t\t\t\t\t<\/div>\r\n\t\t\t\t\t\t\t\t\t\t\t\t\t\t\t\t<div class=\"content\">\r\n\t\t\t\t\t\t\t\t\t<h3>\r\n\t\t\t\t\t\t\t\t\t\t\t\t\t\t\t\t\t\t\t\t\tV\u00ddVOJ A \u00daDR\u017dBA SOFTV\u00c9ROV\u00ddCH RIE\u0160EN\u00cd\t\t\t\t\t\t\t\t\t\t\t\t\t\t\t\t\t\t\t<\/h3>\r\n\t\t\t\t\t\t\t\t\t\t\t\t\t\t\t\t\t\r\n\t\t\t\t\t\t\t\t\t\t<p style=\"text-align: left;\">Za prvorad\u00fa pri v\u00fdvoji SW pova\u017eujeme detailn\u00fa znalos\u0165 procesov na ktor\u00fdch podporu s\u00fa na\u0161e rie\u0161enia ur\u010den\u00e9.<br \/>\nPri vytv\u00e1ran\u00ed softv\u00e9rov\u00fdch rie\u0161en\u00ed sa orientujeme najm\u00e4 na v\u00fdrobn\u00e9 procesy ako logistika, organiz\u00e1cia v\u00fdroby, riadenie v\u00fdroby a ich optimaliz\u00e1cia, a tie\u017e na takzvan\u00e9 BI rie\u0161enia.<br \/>\nZ h\u013eadiska technologick\u00e9ho sa orientujeme na\u00a0modern\u00e9\u00a0technol\u00f3gie s preferenciou otvoren\u00fdch n\u00e1strojov a rie\u0161en\u00ed.<br \/>\nPreferujeme WEB orientovan\u00e9 technol\u00f3gie a open source produkty.<\/p>\n\t\t\t\t\t\t\t\t\t\t\t\t\t\t\t\t\t<\/div><!--.info-->\t\r\n\t\t\t\t\t\t\t<\/div>\r\n\t\t\t\t\t\t<\/div>\r\n\t\t\t\t\t\t\t\t\t\t\t\t\t\t\t\t\t\t\t\t\t\t\t\t\t\t\t\t\t<div class=\"service col-md-4\">\r\n\t\t\t\t\t\t\t\t\t\t\t\t\t<div class=\"roll-icon-box\">\r\n\t\t\t\t\t\t\t\t\t\t\t\r\n\t\t\t\t\t\t\t\t\t<div class=\"icon\">\r\n\t\t\t\t\t\t\t\t\t\t\t\t\t\t\t\t\t\t\t\t\t<i class=\"fa fa-medkit\"><\/i>\t\t\t\t\t\t\t\t\t\t\t\t\t\t\t\t\t\t\t<\/div>\r\n\t\t\t\t\t\t\t\t\t\t\t\t\t\t\t\t<div class=\"content\">\r\n\t\t\t\t\t\t\t\t\t<h3>\r\n\t\t\t\t\t\t\t\t\t\t\t\t\t\t\t\t\t\t\t\t\tTECHNICK\u00c1 POMOC A PORADENSTVO\t\t\t\t\t\t\t\t\t\t\t\t\t\t\t\t\t\t\t<\/h3>\r\n\t\t\t\t\t\t\t\t\t\t\t\t\t\t\t\t\t\r\n\t\t\t\t\t\t\t\t\t\t<p style=\"text-align: left;\">Technick\u00e9 poradenstvo a technick\u00fa pomoc poskytujeme v oblasti znalosti biznis a v\u00fdrobn\u00fdch procesov, ako aj technologick\u00fdch znalost\u00ed z oblasti IT.<br \/>\nAko firma sme od po\u010diatku profesne orientovan\u00ed na technol\u00f3gie riadenia v\u00fdrobn\u00fdch procesov.<br \/>\nV\u010faka takmer 30 ro\u010dnej spolupr\u00e1ci s Volkswagen Slovakia sme si postupne vybudovali rozsiahle know-how v oblasti automotive.<\/p>\n\t\t\t\t\t\t\t\t\t\t\t\t\t\t\t\t\t<\/div><!--.info-->\t\r\n\t\t\t\t\t\t\t<\/div>\r\n\t\t\t\t\t\t<\/div>\r\n\t\t\t\t\t\t\t\t\t\t\t\t\t\t\t\t\t\t\t\t\t\t\t\t\t\t\t\t\t<div class=\"service col-md-4\">\r\n\t\t\t\t\t\t\t\t\t\t\t\t\t<div class=\"roll-icon-box\">\r\n\t\t\t\t\t\t\t\t\t\t\t\r\n\t\t\t\t\t\t\t\t\t<div class=\"icon\">\r\n\t\t\t\t\t\t\t\t\t\t\t\t\t\t\t\t\t\t\t\t\t<i class=\"fa fa-life-ring\"><\/i>\t\t\t\t\t\t\t\t\t\t\t\t\t\t\t\t\t\t\t<\/div>\r\n\t\t\t\t\t\t\t\t\t\t\t\t\t\t\t\t<div class=\"content\">\r\n\t\t\t\t\t\t\t\t\t<h3>\r\n\t\t\t\t\t\t\t\t\t\t\t\t\t\t\t\t\t\t\t\t\tTECHNICK\u00c1 PODPORA 2. A 3. \u00daROVNE\t\t\t\t\t\t\t\t\t\t\t\t\t\t\t\t\t\t\t<\/h3>\r\n\t\t\t\t\t\t\t\t\t\t\t\t\t\t\t\t\t\r\n\t\t\t\t\t\t\t\t\t\t<p style=\"text-align: left;\">Od za\u010diatku sa orientujeme na vytvorenie t\u00edmu pre Hotline z na\u0161ich najschopnej\u0161\u00edch spolupracovn\u00edkov.<br \/>\nKrit\u00e9ria pre ich v\u00fdber s\u00fa najm\u00e4 dlhodob\u00e9 sk\u00fasenosti s v\u00fdvojom podporovan\u00fdch syst\u00e9mov, spo\u013eahlivos\u0165, zodpovednos\u0165 a rozvaha pri rie\u0161en\u00ed kritick\u00fdch situ\u00e1cii.<br \/>\nT\u00edto \u013eudia m\u00e1ju neust\u00e1ly kontakt s predmetn\u00fdmi aplik\u00e1ciami a biznis procesmi pre ktor\u00e9 sa rob\u00ed hotline podpora.<\/p>\n\t\t\t\t\t\t\t\t\t\t\t\t\t\t\t\t\t<\/div><!--.info-->\t\r\n\t\t\t\t\t\t\t<\/div>\r\n\t\t\t\t\t\t<\/div>\r\n\t\t\t\t\t\r\n\t\t\t\t\t\t\t\t\r\n\t<\/div><\/div><\/div><\/div><\/div><div id=\"pg-86-3\"  class=\"panel-grid panel-has-style\" ><div class=\"siteorigin-panels-stretch mob-pad-45 panel-row-style panel-row-style-for-86-3\" style=\"text-align: center;background-image: url(https:\/\/bonum.sk\/wp-content\/uploads\/2016\/08\/audi-light-car-inside-black.jpg);padding: 200px 0; \" data-stretch-type=\"full\" data-hasbg=\"hasbg\" data-overlay=\"true\" ><div id=\"pgc-86-3-0\"  class=\"panel-grid-cell panel-grid-cell-empty\" ><\/div><\/div><\/div><div id=\"pg-86-4\"  class=\"panel-grid panel-has-style\" ><div class=\"siteorigin-panels-stretch panel-row-style panel-row-style-for-86-4\" style=\"padding: 100px 0; \" data-stretch-type=\"full\" data-overlay=\"true\" ><div id=\"pgc-86-4-0\"  class=\"panel-grid-cell\" ><div id=\"panel-86-4-0-0\" class=\"so-panel widget widget_sydney_services_type_b sydney_services_b_widget panel-first-child panel-last-child\" data-index=\"2\" ><div class=\"panel-widget-style panel-widget-style-for-86-4-0-0\" >\t\t\t<h3 class=\"widget-title\">PRODUKTY A RIE\u0160ENIA<\/h3>\r\n\t\t\t\t<div class=\"roll-icon-list\">\r\n\t\t\t\t\t\t\t\t\t\t\t\t\t\t\t\t\t\t\t\t\t\t\t<div class=\"service clearfix \">\r\n\t\t\t\t\t\t\t<div class=\"list-item clearfix\">\r\n\t\t\t\t\t\t\t\t\t\t\t\r\n\t\t\t\t\t\t\t\t\t<div class=\"icon\">\r\n\t\t\t\t\t\t\t\t\t\t\t\t\t\t\t\t\t\t\t\t\t<i class=\"fa fa-cubes\"><\/i>\t\t\t\t\t\t\t\t\t\t\t\t\t\t\t\t\t\t\t<\/div>\r\n\t\t\t\t\t\t\t\t\t\t\t\t\t\t\t\t<div class=\"content\">\r\n\t\t\t\t\t\t\t\t\t<h3>\r\n\t\t\t\t\t\t\t\t\t\t\t\t\t\t\t\t\t\t\t\t\tV\u00ddROBN\u00c9 INFORMA\u010cN\u00c9 SYST\u00c9MY\t\t\t\t\t\t\t\t\t\t\t\t\t\t\t\t\t\t\t<\/h3>\r\n\t\t\t\t\t\t\t\t\t\t\t\t\t\t\t\t\t\r\n\t\t\t\t\t\t\t\t\t\t<p>Tvor\u00edme takzvan\u00e9 Manufacturing Execution Systems (MES), syst\u00e9my ktor\u00e9 poskytuj\u00fa inform\u00e1cie umo\u017e\u0148uj\u00face realizova\u0165 optimaliz\u00e1ciu v\u00fdrobn\u00fdch aktiv\u00edt.<\/p>\n<p>Vytvori\u0165 integrovan\u00fd v\u00fdrobn\u00fd informa\u010dn\u00fd syst\u00e9m (MES), znamen\u00e1 zabezpe\u010di\u0165 vertik\u00e1lnu integr\u00e1ciu informa\u010dn\u00fdch a riadiacich syst\u00e9mov v podniku, od procesnej a\u017e po mana\u017e\u00e9rsku \u00farove\u0148.<\/p>\n<p>MES poskytuje v re\u00e1lnom \u010dase dokonal\u00fd preh\u013ead o v\u00fdrobnom procese. Pokr\u00fdva zber a archiv\u00e1ciu v\u00fdrobn\u00fdch \u00fadajov v re\u00e1lnom \u010dase, ich matematick\u00e9 a \u0161tatistick\u00e9 spracovanie, komplexn\u00fa vizualiz\u00e1ciu, sledovanie a riadenie v\u00fdroby, podporu riadenia spotreby energie a materi\u00e1lov, podporu operat\u00edvnej \u00fadr\u017eby at\u010f.<\/p>\n<p>Rie\u0161enie potom umo\u017e\u0148uje mera\u0165 efektivitu v\u00fdrobn\u00fdch procesov a poskytuje mana\u017e\u00e9rom podstatn\u00e9 inform\u00e1cie pre podporu pri rozhodovan\u00ed.<\/p>\n\t\t\t\t\t\t\t\t\t\t\t\t\t\t\t\t\t<\/div><!--.info-->\t\r\n\t\t\t\t\t\t\t<\/div>\r\n\t\t\t\t\t\t<\/div>\r\n\t\t\t\t\t\t\t\t\t\t\t\t\t\t\t\t\t\t\t\t\t\t\t<div class=\"service clearfix \">\r\n\t\t\t\t\t\t\t<div class=\"list-item clearfix\">\r\n\t\t\t\t\t\t\t\t\t\t\t\r\n\t\t\t\t\t\t\t\t\t<div class=\"icon\">\r\n\t\t\t\t\t\t\t\t\t\t\t\t\t\t\t\t\t\t\t\t\t<i class=\"fa fa-car\"><\/i>\t\t\t\t\t\t\t\t\t\t\t\t\t\t\t\t\t\t\t<\/div>\r\n\t\t\t\t\t\t\t\t\t\t\t\t\t\t\t\t<div class=\"content\">\r\n\t\t\t\t\t\t\t\t\t<h3>\r\n\t\t\t\t\t\t\t\t\t\t\t\t\t\t\t\t\t\t\t\t\tRE\u00c1LNE EXISTUJ\u00daCE RIE\u0160ENIA IS V OBLASTI AUTOMOTIVE\t\t\t\t\t\t\t\t\t\t\t\t\t\t\t\t\t\t\t<\/h3>\r\n\t\t\t\t\t\t\t\t\t\t\t\t\t\t\t\t\t\r\n\t\t\t\t\t\t\t\t\t\t<p>M\u00e1me rozsiahlu znalos\u0165 n\u00e1vrhu, \u00fadr\u017eby a\u00a0ladenia v\u00fdkonu rela\u010dn\u00fdch datab\u00e1z pre syst\u00e9my na podporu rozhodovania (DSS) a\u00a0d\u00e1tov\u00e9 sklady (DWH), kde je potrebn\u00e9 vykon\u00e1va\u0165 ve\u013ea zlo\u017eit\u00fdch v\u00fdberov, pri ktor\u00fdch sa spracov\u00e1va mno\u017estvo d\u00e1t a\u00a0vy\u017eaduje sa r\u00fdchla odpove\u010f.<\/p>\n<p>Realizovali sme syst\u00e9my s\u00a0nepretr\u017eitou prev\u00e1dzkou (24&#215;7) a\u00a0ve\u013ek\u00fdm po\u010dtom konkuren\u010dn\u00fdch transakci\u00ed (OLTP), kde sa vy\u017eaduje\u00a0vysok\u00e1 dostupnos\u0165 a\u00a0priepustnos\u0165. Vieme, ako sa vyvarova\u0165 \u00a0tzv. \u00fazkym hrdl\u00e1m syst\u00e9mu, ktor\u00e9 sa prejavuj\u00fa najm\u00e4 pri n\u00e1raste za\u0165a\u017eenia IS.<\/p>\n<p>D\u00f4verne pozn\u00e1me v\u0161etky procesy prebiehaj\u00face v\u00a0automobilovom priemysle. Portf\u00f3lio na\u0161ich rie\u0161en\u00ed zah\u0155\u0148a cel\u00fd \u017eivotn\u00fd cyklus automobilu \u2013 od jeho zrodenia vo v\u00fdrobnom z\u00e1vode, cez distrib\u00faciu sie\u0165ou import\u00e9ra, predajcov a\u017e po\u00a0celo\u017eivotn\u00fa starostlivos\u0165 v\u00a0\u0161pecializovan\u00fdch servisoch.<\/p>\n\t\t\t\t\t\t\t\t\t\t\t\t\t\t\t\t\t<\/div><!--.info-->\t\r\n\t\t\t\t\t\t\t<\/div>\r\n\t\t\t\t\t\t<\/div>\r\n\t\t\t\t\t\t\t\t\t<\/div>\t\r\n\r\n\t\t\t\t\t\t\t\t\r\n\t<\/div><\/div><\/div><\/div><\/div><div id=\"pg-86-5\"  class=\"panel-grid panel-has-style\" ><div class=\"siteorigin-panels-stretch mob-pad-45 panel-row-style panel-row-style-for-86-5\" style=\"text-align: center;background-image: url(https:\/\/bonum.sk\/wp-content\/uploads\/2016\/08\/meetig-room.jpg);padding: 200px 0; \" data-stretch-type=\"full\" data-hasbg=\"hasbg\" data-overlay=\"true\" ><div id=\"pgc-86-5-0\"  class=\"panel-grid-cell panel-grid-cell-empty\" ><\/div><\/div><\/div><div id=\"pg-86-6\"  class=\"panel-grid panel-has-style\" ><div class=\"siteorigin-panels-stretch panel-row-style panel-row-style-for-86-6\" style=\"padding: 50px 0; \" data-stretch-type=\"full\" data-overlay=\"true\" ><div id=\"pgc-86-6-0\"  class=\"panel-grid-cell\" ><div id=\"panel-86-6-0-0\" class=\"so-panel widget widget_sydney_services_type_b sydney_services_b_widget panel-first-child panel-last-child\" data-index=\"3\" ><div class=\"panel-widget-style panel-widget-style-for-86-6-0-0\" >\t\t\t<h3 class=\"widget-title\">Na\u0161a v\u00edzia<\/h3>\r\n\t\t\t\t<div class=\"roll-icon-list\">\r\n\t\t\t\t\t\t\t\t\t\t\t\t\t\t\t\t\t\t\t\t\t\t\t<div class=\"service clearfix col-md-6\">\r\n\t\t\t\t\t\t\t<div class=\"list-item clearfix\">\r\n\t\t\t\t\t\t\t\t\t\t\t\r\n\t\t\t\t\t\t\t\t\t<div class=\"icon\">\r\n\t\t\t\t\t\t\t\t\t\t\t\t\t\t\t\t\t\t\t\t\t<i class=\"fa fa-bullseye\"><\/i>\t\t\t\t\t\t\t\t\t\t\t\t\t\t\t\t\t\t\t<\/div>\r\n\t\t\t\t\t\t\t\t\t\t\t\t\t\t\t\t<div class=\"content\">\r\n\t\t\t\t\t\t\t\t\t<h3>\r\n\t\t\t\t\t\t\t\t\t\t\t\t\t\t\t\t\t\t\t\t\tCIE\u013d SPOLO\u010cNOSTI\t\t\t\t\t\t\t\t\t\t\t\t\t\t\t\t\t\t\t<\/h3>\r\n\t\t\t\t\t\t\t\t\t\t\t\t\t\t\t\t\t\r\n\t\t\t\t\t\t\t\t\t\t<p>By\u0165 u\u017eito\u010dn\u00ed.<\/p>\n\t\t\t\t\t\t\t\t\t\t\t\t\t\t\t\t\t<\/div><!--.info-->\t\r\n\t\t\t\t\t\t\t<\/div>\r\n\t\t\t\t\t\t<\/div>\r\n\t\t\t\t\t\t\t\t\t\t\t\t\t\t\t\t\t\t\t\t\t\t\t<div class=\"service clearfix col-md-6\">\r\n\t\t\t\t\t\t\t<div class=\"list-item clearfix\">\r\n\t\t\t\t\t\t\t\t\t\t\t\r\n\t\t\t\t\t\t\t\t\t<div class=\"icon\">\r\n\t\t\t\t\t\t\t\t\t\t\t\t\t\t\t\t\t\t\t\t\t<i class=\"fa fa-trophy\"><\/i>\t\t\t\t\t\t\t\t\t\t\t\t\t\t\t\t\t\t\t<\/div>\r\n\t\t\t\t\t\t\t\t\t\t\t\t\t\t\t\t<div class=\"content\">\r\n\t\t\t\t\t\t\t\t\t<h3>\r\n\t\t\t\t\t\t\t\t\t\t\t\t\t\t\t\t\t\t\t\t\tNA\u0160A V\u00cdZIA\t\t\t\t\t\t\t\t\t\t\t\t\t\t\t\t\t\t\t<\/h3>\r\n\t\t\t\t\t\t\t\t\t\t\t\t\t\t\t\t\t\r\n\t\t\t\t\t\t\t\t\t\t<p>Etablova\u0165 sa ako glob\u00e1lne centrum inov\u00e1ci\u00ed v oblasti podpory v\u00fdroby, logistiky a optimaliz\u00e1cie, prostredn\u00edctvom informa\u010dn\u00fdch technol\u00f3gi\u00ed.<\/p>\n\t\t\t\t\t\t\t\t\t\t\t\t\t\t\t\t\t<\/div><!--.info-->\t\r\n\t\t\t\t\t\t\t<\/div>\r\n\t\t\t\t\t\t<\/div>\r\n\t\t\t\t\t\t\t\t\t\t\t\t\t\t\t\t\t\t\t\t\t\t\t<div class=\"service clearfix col-md-6\">\r\n\t\t\t\t\t\t\t<div class=\"list-item clearfix\">\r\n\t\t\t\t\t\t\t\t\t\t\t\r\n\t\t\t\t\t\t\t\t\t<div class=\"icon\">\r\n\t\t\t\t\t\t\t\t\t\t\t\t\t\t\t\t\t\t\t\t\t<i class=\"fa fa-diamond\"><\/i>\t\t\t\t\t\t\t\t\t\t\t\t\t\t\t\t\t\t\t<\/div>\r\n\t\t\t\t\t\t\t\t\t\t\t\t\t\t\t\t<div class=\"content\">\r\n\t\t\t\t\t\t\t\t\t<h3>\r\n\t\t\t\t\t\t\t\t\t\t\t\t\t\t\t\t\t\t\t\t\tZ\u00c1SADY A PROSTRIEDKY\t\t\t\t\t\t\t\t\t\t\t\t\t\t\t\t\t\t\t<\/h3>\r\n\t\t\t\t\t\t\t\t\t\t\t\t\t\t\t\t\t\r\n\t\t\t\t\t\t\t\t\t\t<p>\u2022 Etika<br \/>\n\u2022 Spolupr\u00e1ca a synergia<br \/>\n\u2022 Anga\u017eovan\u00fd intelekt zameran\u00fd na funk\u010dne kr\u00e1sne rie\u0161enia<br \/>\n\u2022 S\u00fadob\u00e9 informa\u010dn\u00e9 technol\u00f3gie<span style=\"font-size: small;\"><br \/>\n<\/span><\/p>\n\t\t\t\t\t\t\t\t\t\t\t\t\t\t\t\t\t<\/div><!--.info-->\t\r\n\t\t\t\t\t\t\t<\/div>\r\n\t\t\t\t\t\t<\/div>\r\n\t\t\t\t\t\t\t\t\t\t\t\t\t\t\t\t\t\t\t\t\t\t\t<div class=\"service clearfix col-md-6\">\r\n\t\t\t\t\t\t\t<div class=\"list-item clearfix\">\r\n\t\t\t\t\t\t\t\t\t\t\t\r\n\t\t\t\t\t\t\t\t\t<div class=\"icon\">\r\n\t\t\t\t\t\t\t\t\t\t\t\t\t\t\t\t\t\t\t\t\t<i class=\"fa fa-users\"><\/i>\t\t\t\t\t\t\t\t\t\t\t\t\t\t\t\t\t\t\t<\/div>\r\n\t\t\t\t\t\t\t\t\t\t\t\t\t\t\t\t<div class=\"content\">\r\n\t\t\t\t\t\t\t\t\t<h3>\r\n\t\t\t\t\t\t\t\t\t\t\t\t\t\t\t\t\t\t\t\t\tKA\u017dDODENN\u00c9 NASMEROVANIE KA\u017dD\u00c9HO \u010cLENA T\u00cdMU\t\t\t\t\t\t\t\t\t\t\t\t\t\t\t\t\t\t\t<\/h3>\r\n\t\t\t\t\t\t\t\t\t\t\t\t\t\t\t\t\t\r\n\t\t\t\t\t\t\t\t\t\t<p>Vytv\u00e1ra\u0165 konkr\u00e9tne rie\u0161enia konkr\u00e9tnych probl\u00e9mov konkr\u00e9tnych \u013eud\u00ed.<\/p>\n\t\t\t\t\t\t\t\t\t\t\t\t\t\t\t\t\t<\/div><!--.info-->\t\r\n\t\t\t\t\t\t\t<\/div>\r\n\t\t\t\t\t\t<\/div>\r\n\t\t\t\t\t\t\t\t\t<\/div>\t\r\n\r\n\t\t\t\t\t\t\t\t\r\n\t<\/div><\/div><\/div><\/div><\/div><div id=\"pg-86-7\"  class=\"panel-grid panel-has-style\" ><div class=\"siteorigin-panels-stretch panel-row-style panel-row-style-for-86-7\" style=\"padding: 30px 0; \" data-stretch-type=\"full\" data-overlay=\"true\" ><div id=\"pgc-86-7-0\"  class=\"panel-grid-cell\" ><div id=\"panel-86-7-0-0\" class=\"so-panel widget widget_sydney_action sydney_action_widget panel-first-child panel-last-child\" data-index=\"4\" ><div style=\"text-align: left;\" data-title-color=\"#443f3f\" data-headings-color=\"#443f3f\" class=\"panel-widget-style panel-widget-style-for-86-7-0-0\" >        <div class=\"roll-promobox \">\r\n\t\t\t<div class=\"promo-wrap\">\r\n\t\t\t\t\t\t\t\t<div class=\"promo-controls\">\r\n\t\t\t\t\t<a href=\"https:\/\/bonum.sk\/?page_id=201\" class=\"roll-button border\">Referencie<\/a>\r\n\t\t\t\t<\/div>\r\n\t\t\t<\/div>\r\n        <\/div>\r\n\t<\/div><\/div><\/div><div id=\"pgc-86-7-1\"  class=\"panel-grid-cell\" ><div id=\"panel-86-7-1-0\" class=\"so-panel widget widget_sydney_action sydney_action_widget panel-first-child panel-last-child\" data-index=\"5\" ><div style=\"text-align: left;\" data-title-color=\"#443f3f\" data-headings-color=\"#443f3f\" class=\"panel-widget-style panel-widget-style-for-86-7-1-0\" >        <div class=\"roll-promobox \">\r\n\t\t\t<div class=\"promo-wrap\">\r\n\t\t\t\t\t\t\t\t<div class=\"promo-controls\">\r\n\t\t\t\t\t<a href=\"https:\/\/bonum.sk\/?page_id=382\" class=\"roll-button border\">Kari\u00e9ra<\/a>\r\n\t\t\t\t<\/div>\r\n\t\t\t<\/div>\r\n        <\/div>\r\n\t<\/div><\/div><\/div><div id=\"pgc-86-7-2\"  class=\"panel-grid-cell\" ><div id=\"panel-86-7-2-0\" class=\"so-panel widget widget_sydney_action sydney_action_widget panel-first-child panel-last-child\" data-index=\"6\" ><div style=\"text-align: left;\" data-title-color=\"#443f3f\" data-headings-color=\"#443f3f\" class=\"panel-widget-style panel-widget-style-for-86-7-2-0\" >        <div class=\"roll-promobox \">\r\n\t\t\t<div class=\"promo-wrap\">\r\n\t\t\t\t\t\t\t\t<div class=\"promo-controls\">\r\n\t\t\t\t\t<a href=\"https:\/\/bonum.sk\/?page_id=205\" class=\"roll-button border\">Kontakt<\/a>\r\n\t\t\t\t<\/div>\r\n\t\t\t<\/div>\r\n        <\/div>\r\n\t<\/div><\/div><\/div><\/div><\/div><\/div>","protected":false},"excerpt":{"rendered":"<p>PROFIL SPOLO\u010cNOSTI Od svojho vzniku v roku 1992 sa na\u0161a spolo\u010dnos\u0165 orientuje najm\u00e4 na v\u00fdvoj informa\u010dn\u00fdch syst\u00e9mov pre oblas\u0165 v\u00fdroby, logistiky a [&hellip;]<\/p>\n","protected":false},"author":1,"featured_media":0,"parent":0,"menu_order":1,"comment_status":"closed","ping_status":"closed","template":"page-templates\/page_front-page.php","meta":{"footnotes":""},"class_list":["post-86","page","type-page","status-publish","hentry"],"_links":{"self":[{"href":"https:\/\/bonum.sk\/index.php?rest_route=\/wp\/v2\/pages\/86","targetHints":{"allow":["GET"]}}],"collection":[{"href":"https:\/\/bonum.sk\/index.php?rest_route=\/wp\/v2\/pages"}],"about":[{"href":"https:\/\/bonum.sk\/index.php?rest_route=\/wp\/v2\/types\/page"}],"author":[{"embeddable":true,"href":"https:\/\/bonum.sk\/index.php?rest_route=\/wp\/v2\/users\/1"}],"replies":[{"embeddable":true,"href":"https:\/\/bonum.sk\/index.php?rest_route=%2Fwp%2Fv2%2Fcomments&post=86"}],"version-history":[{"count":7,"href":"https:\/\/bonum.sk\/index.php?rest_route=\/wp\/v2\/pages\/86\/revisions"}],"predecessor-version":[{"id":891,"href":"https:\/\/bonum.sk\/index.php?rest_route=\/wp\/v2\/pages\/86\/revisions\/891"}],"wp:attachment":[{"href":"https:\/\/bonum.sk\/index.php?rest_route=%2Fwp%2Fv2%2Fmedia&parent=86"}],"curies":[{"name":"wp","href":"https:\/\/api.w.org\/{rel}","templated":true}]}}